{"id":703,"date":"2017-06-14T09:01:59","date_gmt":"2017-06-14T09:01:59","guid":{"rendered":"http:\/\/localhost\/construct\/?page_id=703"},"modified":"2017-06-14T09:01:59","modified_gmt":"2017-06-14T09:01:59","slug":"services-2","status":"publish","type":"page","link":"https:\/\/aamal-rct.com\/index.php\/services-2\/","title":{"rendered":"Our Services 2"},"content":{"rendered":"<p>[vc_row css=\u00a0\u00bb.vc_custom_1497430886161{padding-top: 80px !important;}\u00a0\u00bb][vc_column]\n    <h2 class=\"text-center\" >WHAT WE OFFER<\/h2>\n    \t    <div class=\"wprt-lines style-2 custom-1\">\n\t        <div class=\"line-1\"><\/div>\n\t    <\/div>\n    \n    \t    <div class=\"wprt-spacer\" data-desktop=\"36\" data-mobi=\"30\" data-smobi=\"30\"><\/div>\n\t    <div class=\"wprt-subtitle \">Cras id justo eget sapien scelerisque lacinia non a eros. In a volutpat magna. Vivamus pretium urna at condimentum porta. Phasellus mollis mauris dolor, a tincidunt mauris fringilla.<\/div>\n\t    \t\n[vc_empty_space height=\u00a0\u00bb50px\u00a0\u00bb][\/vc_column][vc_column offset=\u00a0\u00bbvc_col-md-4\u2033]\n\t<div class=\"wprt-icon-box accent-background icon-right rounded icon-effect-3 width-70\">\n        <div class=\"icon-wrap font-size-40\">\n            <span class=\"dd-icon  icon-o-roof\"><\/span>\n        <\/div>\n        <div class=\"content-wrap\">\n            <h3 class=\"dd-title font-size-18\">Metal Roofing<\/h3>\n            <p>Vestibulum eu libero volutpat, portas quam acc, tempus sem. Donec sodales quam id lorem lobortis, interdum nisl.<\/p>\n        <\/div>\n    <\/div>\n\n[vc_empty_space height=\u00a0\u00bb22px\u00a0\u00bb]\n\t<div class=\"wprt-icon-box accent-background icon-right rounded icon-effect-3 width-70\">\n        <div class=\"icon-wrap font-size-40\">\n            <span class=\"dd-icon  icon-o-light-bulb\"><\/span>\n        <\/div>\n        <div class=\"content-wrap\">\n            <h3 class=\"dd-title font-size-18\">Electrical Systems<\/h3>\n            <p>Vestibulum eu libero volutpat, portas quam acc, tempus sem. Donec sodales quam id lorem lobortis, interdum nisl.<\/p>\n        <\/div>\n    <\/div>\n\n[vc_empty_space height=\u00a0\u00bb22px\u00a0\u00bb]\n\t<div class=\"wprt-icon-box accent-background icon-right rounded icon-effect-3 width-70\">\n        <div class=\"icon-wrap font-size-40\">\n            <span class=\"dd-icon  icon-o-paint-roller\"><\/span>\n        <\/div>\n        <div class=\"content-wrap\">\n            <h3 class=\"dd-title font-size-18\">Tiling and Painting<\/h3>\n            <p>Vestibulum eu libero volutpat, portas quam acc, tempus sem. Donec sodales quam id lorem lobortis, interdum nisl.<\/p>\n        <\/div>\n    <\/div>\n\n[vc_empty_space height=\u00a0\u00bb22px\u00a0\u00bb][\/vc_column][vc_column offset=\u00a0\u00bbvc_col-md-4\u2033][vc_single_image image=\u00a0\u00bb709\u2033 img_size=\u00a0\u00bbfull\u00a0\u00bb alignment=\u00a0\u00bbcenter\u00a0\u00bb css=\u00a0\u00bb.vc_custom_1497434856541{margin-bottom: 0px !important;}\u00a0\u00bb][\/vc_column][vc_column offset=\u00a0\u00bbvc_col-md-4\u2033]\n\t<div class=\"wprt-icon-box accent-background icon-left rounded icon-effect-3 width-70\">\n        <div class=\"icon-wrap font-size-40\">\n            <span class=\"dd-icon  icon-o-glass-wall\"><\/span>\n        <\/div>\n        <div class=\"content-wrap\">\n            <h3 class=\"dd-title font-size-18\">Laminate Flooring<\/h3>\n            <p>Vestibulum eu libero volutpat, portas quam acc, tempus sem. Donec sodales quam id lorem lobortis, interdum nisl.<\/p>\n        <\/div>\n    <\/div>\n\n[vc_empty_space height=\u00a0\u00bb22px\u00a0\u00bb]\n\t<div class=\"wprt-icon-box accent-background icon-left rounded icon-effect-3 width-70\">\n        <div class=\"icon-wrap font-size-40\">\n            <span class=\"dd-icon  icon-o-plumbering\"><\/span>\n        <\/div>\n        <div class=\"content-wrap\">\n            <h3 class=\"dd-title font-size-18\">Plumbilg Services<\/h3>\n            <p>Vestibulum eu libero volutpat, portas quam acc, tempus sem. Donec sodales quam id lorem lobortis, interdum nisl.<\/p>\n        <\/div>\n    <\/div>\n\n[vc_empty_space height=\u00a0\u00bb22px\u00a0\u00bb]\n\t<div class=\"wprt-icon-box accent-background icon-left rounded icon-effect-3 width-70\">\n        <div class=\"icon-wrap font-size-40\">\n            <span class=\"dd-icon  icon-o-drill-1\"><\/span>\n        <\/div>\n        <div class=\"content-wrap\">\n            <h3 class=\"dd-title font-size-18\">Restoration Services<\/h3>\n            <p>Vestibulum eu libero volutpat, portas quam acc, tempus sem. Donec sodales quam id lorem lobortis, interdum nisl.<\/p>\n        <\/div>\n    <\/div>\n\n[vc_empty_space height=\u00a0\u00bb22px\u00a0\u00bb][\/vc_column][\/vc_row][vc_row el_class=\u00a0\u00bbbg-color\u00a0\u00bb css=\u00a0\u00bb.vc_custom_1497435104867{padding-top: 32px !important;padding-bottom: 32px !important;}\u00a0\u00bb][vc_column]\n\t\t\t<div class=\"col-md-8\">\n\t        <div class=\"wprt-spacer\" data-desktop=\"8\" data-mobi=\"0\" data-smobi=\"0\"><\/div>\n\t        <h2 class=\"text-white text-center-mobile font-size-20 margin-bottom-0\">We will help you make your house look awesome & professional<\/h2>\n\t        <div class=\"wprt-spacer\" data-desktop=\"0\" data-mobi=\"20\" data-smobi=\"20\"><\/div>\n\t    <\/div>\n\n\t    <div class=\"col-md-4\">\n\t        <div class=\"text-right text-center-mobile\">\n\t        \n\t        <a class=\"wprt-button white rounded-3px\" href=\"http:\/\/localhost\/construct\/contact-us\/\" target=\"_self\">CONTACT US<\/a>\t        <\/div>\n\t    <\/div>\n\t\n[\/vc_column][\/vc_row][vc_row css=\u00a0\u00bb.vc_custom_1497435274186{padding-top: 80px !important;padding-bottom: 80px !important;}\u00a0\u00bb][vc_column]\n    <h2 class=\"text-left\" >WHAT WE OFFER<\/h2>\n    \t    <div class=\"wprt-lines style-1 custom-3\">\n\t        <div class=\"line-1\"><\/div>\n\t    <\/div>\n    \n        \t\n[vc_empty_space height=\u00a0\u00bb50px\u00a0\u00bb]\t\n\t<div class=\"wprt-service arrow-style-2 has-arrows arrow60 arrow-light\" data-layout=\"slider\" data-column=\"3\" data-column2=\"3\" data-column3=\"2\" data-column4=\"1\" data-gaph=\"30\" data-gapv=\"30\">\n\t\t<div id=\"service-wrap\" class=\"cbp\">\n\t\t\t\t\t\t\t<div class=\"cbp-item\">\n\t                <div class=\"service-item clearfix \">\n\t                    <div class=\"thumb\"><img loading=\"lazy\" decoding=\"async\" width=\"2560\" height=\"1440\" src=\"https:\/\/aamal-rct.com\/wp-content\/uploads\/2023\/04\/pieut-21-scaled.jpg\" class=\"attachment-post-thumbnail size-post-thumbnail wp-post-image\" alt=\"\" srcset=\"https:\/\/aamal-rct.com\/wp-content\/uploads\/2023\/04\/pieut-21-scaled.jpg 2560w, https:\/\/aamal-rct.com\/wp-content\/uploads\/2023\/04\/pieut-21-300x169.jpg 300w, https:\/\/aamal-rct.com\/wp-content\/uploads\/2023\/04\/pieut-21-1024x576.jpg 1024w, https:\/\/aamal-rct.com\/wp-content\/uploads\/2023\/04\/pieut-21-768x432.jpg 768w, https:\/\/aamal-rct.com\/wp-content\/uploads\/2023\/04\/pieut-21-1536x864.jpg 1536w, https:\/\/aamal-rct.com\/wp-content\/uploads\/2023\/04\/pieut-21-2048x1152.jpg 2048w\" sizes=\"auto, (max-width: 2560px) 100vw, 2560px\" \/><\/div>\n\t                    <div class=\"service-item-wrap\">\n\t                        <h3 class=\"title font-size-18\"><a href=\"https:\/\/aamal-rct.com\/index.php\/services\/genie-civil\/\">G\u00e9nie civil<\/a><\/h3>\n\t                        <p><p>[vc_row][vc_column][vc_column_text] Sp\u00e9cification Technique G\u00e9nie Civil Ecran de Stabilit\u00e9 : La r\u00e9alisation d\u2019un rideau de pieux jointifs en b\u00e9ton arm\u00e9 de diam\u00e8tre de \u00d81000 mm pouss\u00e9s jusqu\u2019\u00e0 16 \u00e0 18m profondeur et d\u2019un entre-axe de 1.30m. \u00a0 Les pieux seront coiff\u00e9s avec une poutre de couronnement de dimensions (90*110) cm\u00b2 et stabilis\u00e9s par un (01) lit [\u2026]<\/p>\n<\/p>\n\t                        <a href=\"https:\/\/aamal-rct.com\/index.php\/services\/genie-civil\/\" class=\"wprt-button small rounded-3px\">READ MORE<\/a>\n\t                    <\/div>\n\t                <\/div>\n\t            <\/div>\n\t        \t\t\t\t<div class=\"cbp-item\">\n\t                <div class=\"service-item clearfix \">\n\t                    <div class=\"thumb\"><img loading=\"lazy\" decoding=\"async\" width=\"800\" height=\"450\" src=\"https:\/\/aamal-rct.com\/wp-content\/uploads\/2017\/05\/aamal-rct-construction-algerie.jpg\" class=\"attachment-post-thumbnail size-post-thumbnail wp-post-image\" alt=\"\" srcset=\"https:\/\/aamal-rct.com\/wp-content\/uploads\/2017\/05\/aamal-rct-construction-algerie.jpg 800w, https:\/\/aamal-rct.com\/wp-content\/uploads\/2017\/05\/aamal-rct-construction-algerie-300x169.jpg 300w, https:\/\/aamal-rct.com\/wp-content\/uploads\/2017\/05\/aamal-rct-construction-algerie-768x432.jpg 768w, https:\/\/aamal-rct.com\/wp-content\/uploads\/2017\/05\/aamal-rct-construction-algerie-600x338.jpg 600w\" sizes=\"auto, (max-width: 800px) 100vw, 800px\" \/><\/div>\n\t                    <div class=\"service-item-wrap\">\n\t                        <h3 class=\"title font-size-18\"><a href=\"https:\/\/aamal-rct.com\/index.php\/services\/construction\/\">Construction<\/a><\/h3>\n\t                        <p><p>La construction\u2026un domaine qui nous conna\u00eet bien !<\/p>\n<\/p>\n\t                        <a href=\"https:\/\/aamal-rct.com\/index.php\/services\/construction\/\" class=\"wprt-button small rounded-3px\">READ MORE<\/a>\n\t                    <\/div>\n\t                <\/div>\n\t            <\/div>\n\t        \t\t\t\t<div class=\"cbp-item\">\n\t                <div class=\"service-item clearfix \">\n\t                    <div class=\"thumb\"><img loading=\"lazy\" decoding=\"async\" width=\"800\" height=\"489\" src=\"https:\/\/aamal-rct.com\/wp-content\/uploads\/2017\/05\/aamal-rtc-travaux-public-576x1024-540x540_c-1-540x330-1.jpg\" class=\"attachment-post-thumbnail size-post-thumbnail wp-post-image\" alt=\"\" srcset=\"https:\/\/aamal-rct.com\/wp-content\/uploads\/2017\/05\/aamal-rtc-travaux-public-576x1024-540x540_c-1-540x330-1.jpg 800w, https:\/\/aamal-rct.com\/wp-content\/uploads\/2017\/05\/aamal-rtc-travaux-public-576x1024-540x540_c-1-540x330-1-300x183.jpg 300w, https:\/\/aamal-rct.com\/wp-content\/uploads\/2017\/05\/aamal-rtc-travaux-public-576x1024-540x540_c-1-540x330-1-768x469.jpg 768w, https:\/\/aamal-rct.com\/wp-content\/uploads\/2017\/05\/aamal-rtc-travaux-public-576x1024-540x540_c-1-540x330-1-600x367.jpg 600w\" sizes=\"auto, (max-width: 800px) 100vw, 800px\" \/><\/div>\n\t                    <div class=\"service-item-wrap\">\n\t                        <h3 class=\"title font-size-18\"><a href=\"https:\/\/aamal-rct.com\/index.php\/services\/travaux-publics\/\">Travaux Publics<\/a><\/h3>\n\t                        <p><p>Un partenaire de terrain\u2026<\/p>\n<\/p>\n\t                        <a href=\"https:\/\/aamal-rct.com\/index.php\/services\/travaux-publics\/\" class=\"wprt-button small rounded-3px\">READ MORE<\/a>\n\t                    <\/div>\n\t                <\/div>\n\t            <\/div>\n\t        \t\t\t\t<div class=\"cbp-item\">\n\t                <div class=\"service-item clearfix \">\n\t                    <div class=\"thumb\"><img loading=\"lazy\" decoding=\"async\" width=\"469\" height=\"300\" src=\"https:\/\/aamal-rct.com\/wp-content\/uploads\/2017\/05\/Aamal-Steel-light-steel-frame-for-construction-30-2-540x405-1-1.jpg\" class=\"attachment-post-thumbnail size-post-thumbnail wp-post-image\" alt=\"\" srcset=\"https:\/\/aamal-rct.com\/wp-content\/uploads\/2017\/05\/Aamal-Steel-light-steel-frame-for-construction-30-2-540x405-1-1.jpg 469w, https:\/\/aamal-rct.com\/wp-content\/uploads\/2017\/05\/Aamal-Steel-light-steel-frame-for-construction-30-2-540x405-1-1-300x192.jpg 300w\" sizes=\"auto, (max-width: 469px) 100vw, 469px\" \/><\/div>\n\t                    <div class=\"service-item-wrap\">\n\t                        <h3 class=\"title font-size-18\"><a href=\"https:\/\/aamal-rct.com\/index.php\/services\/fabrication-de-charpentes-en-acier-leger\/\">Fabrication de charpentes en acier l\u00e9ger<\/a><\/h3>\n\t                        <p><p>AAMAL STEEL construction m\u00e9tallique l\u00e9g\u00e8re <\/p>\n<\/p>\n\t                        <a href=\"https:\/\/aamal-rct.com\/index.php\/services\/fabrication-de-charpentes-en-acier-leger\/\" class=\"wprt-button small rounded-3px\">READ MORE<\/a>\n\t                    <\/div>\n\t                <\/div>\n\t            <\/div>\n\t        \t\t\t\t<div class=\"cbp-item\">\n\t                <div class=\"service-item clearfix \">\n\t                    <div class=\"thumb\"><img loading=\"lazy\" decoding=\"async\" width=\"800\" height=\"536\" src=\"https:\/\/aamal-rct.com\/wp-content\/uploads\/2017\/05\/Aamal-Materiaux-de-construction.jpg\" class=\"attachment-post-thumbnail size-post-thumbnail wp-post-image\" alt=\"\" srcset=\"https:\/\/aamal-rct.com\/wp-content\/uploads\/2017\/05\/Aamal-Materiaux-de-construction.jpg 800w, https:\/\/aamal-rct.com\/wp-content\/uploads\/2017\/05\/Aamal-Materiaux-de-construction-300x201.jpg 300w, https:\/\/aamal-rct.com\/wp-content\/uploads\/2017\/05\/Aamal-Materiaux-de-construction-768x515.jpg 768w, https:\/\/aamal-rct.com\/wp-content\/uploads\/2017\/05\/Aamal-Materiaux-de-construction-600x402.jpg 600w\" sizes=\"auto, (max-width: 800px) 100vw, 800px\" \/><\/div>\n\t                    <div class=\"service-item-wrap\">\n\t                        <h3 class=\"title font-size-18\"><a href=\"https:\/\/aamal-rct.com\/index.php\/services\/export-de-materiaux-et-materiels-de-construction\/\">Export de mat\u00e9riaux et mat\u00e9riels de construction<\/a><\/h3>\n\t                        <p><p>Mat\u00e9riaux de qualit\u00e9 et de normes internationales<\/p>\n<\/p>\n\t                        <a href=\"https:\/\/aamal-rct.com\/index.php\/services\/export-de-materiaux-et-materiels-de-construction\/\" class=\"wprt-button small rounded-3px\">READ MORE<\/a>\n\t                    <\/div>\n\t                <\/div>\n\t            <\/div>\n\t        \t\t<\/div>\n\t<\/div>\n  \t\n[\/vc_column][\/vc_row]<\/p>\n","protected":false},"excerpt":{"rendered":"<p>[vc_row css=\u00a0\u00bb.vc_custom_1497430886161{padding-top: 80px !important;}\u00a0\u00bb][vc_column][vc_empty_space height=\u00a0\u00bb50px\u00a0\u00bb][\/vc_column][vc_column offset=\u00a0\u00bbvc_col-md-4\u2033][vc_empty_space height=\u00a0\u00bb22px\u00a0\u00bb][vc_empty_space height=\u00a0\u00bb22px\u00a0\u00bb][vc_empty_space height=\u00a0\u00bb22px\u00a0\u00bb][\/vc_column][vc_column offset=\u00a0\u00bbvc_col-md-4\u2033][vc_single_image image=\u00a0\u00bb709\u2033 img_size=\u00a0\u00bbfull\u00a0\u00bb alignment=\u00a0\u00bbcenter\u00a0\u00bb css=\u00a0\u00bb.vc_custom_1497434856541{margin-bottom: 0px !important;}\u00a0\u00bb][\/vc_column][vc_column offset=\u00a0\u00bbvc_col-md-4\u2033][vc_empty_space height=\u00a0\u00bb22px\u00a0\u00bb][vc_empty_space height=\u00a0\u00bb22px\u00a0\u00bb][vc_empty_space height=\u00a0\u00bb22px\u00a0\u00bb][\/vc_column][\/vc_row][vc_row el_class=\u00a0\u00bbbg-color\u00a0\u00bb css=\u00a0\u00bb.vc_custom_1497435104867{padding-top: 32px !important;padding-bottom: 32px !important;}\u00a0\u00bb][vc_column][\/vc_column][\/vc_row][vc_row css=\u00a0\u00bb.vc_custom_1497435274186{padding-top: 80px !important;padding-bottom: 80px !important;}\u00a0\u00bb][vc_column][vc_empty_space height=\u00a0\u00bb50px\u00a0\u00bb][\/vc_column][\/vc_row]<\/p>\n","protected":false},"author":1,"featured_media":0,"parent":0,"menu_order":0,"comment_status":"closed","ping_status":"closed","template":"page-templates\/template-fullwidth.php","meta":{"footnotes":""},"class_list":["post-703","page","type-page","status-publish","hentry"],"yoast_head":"<!-- This site is optimized with the Yoast SEO plugin v27.6 - https:\/\/yoast.com\/product\/yoast-seo-wordpress\/ -->\n<title>Our Services 2 - Aamal rct<\/title>\n<meta name=\"robots\" content=\"index, follow, max-snippet:-1, max-image-preview:large, max-video-preview:-1\" \/>\n<link rel=\"canonical\" href=\"https:\/\/aamal-rct.com\/index.php\/services-2\/\" \/>\n<meta property=\"og:locale\" content=\"fr_FR\" \/>\n<meta property=\"og:type\" content=\"article\" \/>\n<meta property=\"og:title\" content=\"Our Services 2 - Aamal rct\" \/>\n<meta property=\"og:description\" content=\"[vc_row css=\u00a0\u00bb.vc_custom_1497430886161{padding-top: 80px !important;}\u00a0\u00bb][vc_column][vc_empty_space height=\u00a0\u00bb50px\u00a0\u00bb][\/vc_column][vc_column offset=\u00a0\u00bbvc_col-md-4\u2033][vc_empty_space height=\u00a0\u00bb22px\u00a0\u00bb][vc_empty_space height=\u00a0\u00bb22px\u00a0\u00bb][vc_empty_space height=\u00a0\u00bb22px\u00a0\u00bb][\/vc_column][vc_column offset=\u00a0\u00bbvc_col-md-4\u2033][vc_single_image image=\u00a0\u00bb709\u2033 img_size=\u00a0\u00bbfull\u00a0\u00bb alignment=\u00a0\u00bbcenter\u00a0\u00bb css=\u00a0\u00bb.vc_custom_1497434856541{margin-bottom: 0px !important;}\u00a0\u00bb][\/vc_column][vc_column offset=\u00a0\u00bbvc_col-md-4\u2033][vc_empty_space height=\u00a0\u00bb22px\u00a0\u00bb][vc_empty_space height=\u00a0\u00bb22px\u00a0\u00bb][vc_empty_space height=\u00a0\u00bb22px\u00a0\u00bb][\/vc_column][\/vc_row][vc_row el_class=\u00a0\u00bbbg-color\u00a0\u00bb css=\u00a0\u00bb.vc_custom_1497435104867{padding-top: 32px !important;padding-bottom: 32px !important;}\u00a0\u00bb][vc_column][\/vc_column][\/vc_row][vc_row css=\u00a0\u00bb.vc_custom_1497435274186{padding-top: 80px !important;padding-bottom: 80px !important;}\u00a0\u00bb][vc_column][vc_empty_space height=\u00a0\u00bb50px\u00a0\u00bb][\/vc_column][\/vc_row]\" \/>\n<meta property=\"og:url\" content=\"https:\/\/aamal-rct.com\/index.php\/services-2\/\" \/>\n<meta property=\"og:site_name\" content=\"Aamal rct\" \/>\n<meta property=\"article:publisher\" content=\"https:\/\/web.facebook.com\/Aamalrtc\" \/>\n<meta name=\"twitter:card\" content=\"summary_large_image\" \/>\n<meta name=\"twitter:label1\" content=\"Dur\u00e9e de lecture estim\u00e9e\" \/>\n\t<meta name=\"twitter:data1\" content=\"2 minutes\" \/>\n<script type=\"application\/ld+json\" class=\"yoast-schema-graph\">{\"@context\":\"https:\\\/\\\/schema.org\",\"@graph\":[{\"@type\":\"WebPage\",\"@id\":\"https:\\\/\\\/aamal-rct.com\\\/index.php\\\/services-2\\\/\",\"url\":\"https:\\\/\\\/aamal-rct.com\\\/index.php\\\/services-2\\\/\",\"name\":\"Our Services 2 - Aamal rct\",\"isPartOf\":{\"@id\":\"https:\\\/\\\/aamal-rct.com\\\/#website\"},\"datePublished\":\"2017-06-14T09:01:59+00:00\",\"breadcrumb\":{\"@id\":\"https:\\\/\\\/aamal-rct.com\\\/index.php\\\/services-2\\\/#breadcrumb\"},\"inLanguage\":\"fr-FR\",\"potentialAction\":[{\"@type\":\"ReadAction\",\"target\":[\"https:\\\/\\\/aamal-rct.com\\\/index.php\\\/services-2\\\/\"]}]},{\"@type\":\"BreadcrumbList\",\"@id\":\"https:\\\/\\\/aamal-rct.com\\\/index.php\\\/services-2\\\/#breadcrumb\",\"itemListElement\":[{\"@type\":\"ListItem\",\"position\":1,\"name\":\"Accueil\",\"item\":\"https:\\\/\\\/aamal-rct.com\\\/\"},{\"@type\":\"ListItem\",\"position\":2,\"name\":\"Our Services 2\"}]},{\"@type\":\"WebSite\",\"@id\":\"https:\\\/\\\/aamal-rct.com\\\/#website\",\"url\":\"https:\\\/\\\/aamal-rct.com\\\/\",\"name\":\"Aamal rct\",\"description\":\"R\u00e9alisation conseil technique\",\"publisher\":{\"@id\":\"https:\\\/\\\/aamal-rct.com\\\/#organization\"},\"potentialAction\":[{\"@type\":\"SearchAction\",\"target\":{\"@type\":\"EntryPoint\",\"urlTemplate\":\"https:\\\/\\\/aamal-rct.com\\\/?s={search_term_string}\"},\"query-input\":{\"@type\":\"PropertyValueSpecification\",\"valueRequired\":true,\"valueName\":\"search_term_string\"}}],\"inLanguage\":\"fr-FR\"},{\"@type\":\"Organization\",\"@id\":\"https:\\\/\\\/aamal-rct.com\\\/#organization\",\"name\":\"Ammal rct\",\"url\":\"https:\\\/\\\/aamal-rct.com\\\/\",\"logo\":{\"@type\":\"ImageObject\",\"inLanguage\":\"fr-FR\",\"@id\":\"https:\\\/\\\/aamal-rct.com\\\/#\\\/schema\\\/logo\\\/image\\\/\",\"url\":\"https:\\\/\\\/aamal-rct.com\\\/wp-content\\\/uploads\\\/2022\\\/07\\\/logo-aamal-rtc-tra.png\",\"contentUrl\":\"https:\\\/\\\/aamal-rct.com\\\/wp-content\\\/uploads\\\/2022\\\/07\\\/logo-aamal-rtc-tra.png\",\"width\":768,\"height\":230,\"caption\":\"Ammal rct\"},\"image\":{\"@id\":\"https:\\\/\\\/aamal-rct.com\\\/#\\\/schema\\\/logo\\\/image\\\/\"},\"sameAs\":[\"https:\\\/\\\/web.facebook.com\\\/Aamalrtc\",\"https:\\\/\\\/www.linkedin.com\\\/company\\\/aamalrct\\\/\"]}]}<\/script>\n<!-- \/ Yoast SEO plugin. -->","yoast_head_json":{"title":"Our Services 2 - Aamal rct","robots":{"index":"index","follow":"follow","max-snippet":"max-snippet:-1","max-image-preview":"max-image-preview:large","max-video-preview":"max-video-preview:-1"},"canonical":"https:\/\/aamal-rct.com\/index.php\/services-2\/","og_locale":"fr_FR","og_type":"article","og_title":"Our Services 2 - Aamal rct","og_description":"[vc_row css=\u00a0\u00bb.vc_custom_1497430886161{padding-top: 80px !important;}\u00a0\u00bb][vc_column][vc_empty_space height=\u00a0\u00bb50px\u00a0\u00bb][\/vc_column][vc_column offset=\u00a0\u00bbvc_col-md-4\u2033][vc_empty_space height=\u00a0\u00bb22px\u00a0\u00bb][vc_empty_space height=\u00a0\u00bb22px\u00a0\u00bb][vc_empty_space height=\u00a0\u00bb22px\u00a0\u00bb][\/vc_column][vc_column offset=\u00a0\u00bbvc_col-md-4\u2033][vc_single_image image=\u00a0\u00bb709\u2033 img_size=\u00a0\u00bbfull\u00a0\u00bb alignment=\u00a0\u00bbcenter\u00a0\u00bb css=\u00a0\u00bb.vc_custom_1497434856541{margin-bottom: 0px !important;}\u00a0\u00bb][\/vc_column][vc_column offset=\u00a0\u00bbvc_col-md-4\u2033][vc_empty_space height=\u00a0\u00bb22px\u00a0\u00bb][vc_empty_space height=\u00a0\u00bb22px\u00a0\u00bb][vc_empty_space height=\u00a0\u00bb22px\u00a0\u00bb][\/vc_column][\/vc_row][vc_row el_class=\u00a0\u00bbbg-color\u00a0\u00bb css=\u00a0\u00bb.vc_custom_1497435104867{padding-top: 32px !important;padding-bottom: 32px !important;}\u00a0\u00bb][vc_column][\/vc_column][\/vc_row][vc_row css=\u00a0\u00bb.vc_custom_1497435274186{padding-top: 80px !important;padding-bottom: 80px !important;}\u00a0\u00bb][vc_column][vc_empty_space height=\u00a0\u00bb50px\u00a0\u00bb][\/vc_column][\/vc_row]","og_url":"https:\/\/aamal-rct.com\/index.php\/services-2\/","og_site_name":"Aamal rct","article_publisher":"https:\/\/web.facebook.com\/Aamalrtc","twitter_card":"summary_large_image","twitter_misc":{"Dur\u00e9e de lecture estim\u00e9e":"2 minutes"},"schema":{"@context":"https:\/\/schema.org","@graph":[{"@type":"WebPage","@id":"https:\/\/aamal-rct.com\/index.php\/services-2\/","url":"https:\/\/aamal-rct.com\/index.php\/services-2\/","name":"Our Services 2 - Aamal rct","isPartOf":{"@id":"https:\/\/aamal-rct.com\/#website"},"datePublished":"2017-06-14T09:01:59+00:00","breadcrumb":{"@id":"https:\/\/aamal-rct.com\/index.php\/services-2\/#breadcrumb"},"inLanguage":"fr-FR","potentialAction":[{"@type":"ReadAction","target":["https:\/\/aamal-rct.com\/index.php\/services-2\/"]}]},{"@type":"BreadcrumbList","@id":"https:\/\/aamal-rct.com\/index.php\/services-2\/#breadcrumb","itemListElement":[{"@type":"ListItem","position":1,"name":"Accueil","item":"https:\/\/aamal-rct.com\/"},{"@type":"ListItem","position":2,"name":"Our Services 2"}]},{"@type":"WebSite","@id":"https:\/\/aamal-rct.com\/#website","url":"https:\/\/aamal-rct.com\/","name":"Aamal rct","description":"R\u00e9alisation conseil technique","publisher":{"@id":"https:\/\/aamal-rct.com\/#organization"},"potentialAction":[{"@type":"SearchAction","target":{"@type":"EntryPoint","urlTemplate":"https:\/\/aamal-rct.com\/?s={search_term_string}"},"query-input":{"@type":"PropertyValueSpecification","valueRequired":true,"valueName":"search_term_string"}}],"inLanguage":"fr-FR"},{"@type":"Organization","@id":"https:\/\/aamal-rct.com\/#organization","name":"Ammal rct","url":"https:\/\/aamal-rct.com\/","logo":{"@type":"ImageObject","inLanguage":"fr-FR","@id":"https:\/\/aamal-rct.com\/#\/schema\/logo\/image\/","url":"https:\/\/aamal-rct.com\/wp-content\/uploads\/2022\/07\/logo-aamal-rtc-tra.png","contentUrl":"https:\/\/aamal-rct.com\/wp-content\/uploads\/2022\/07\/logo-aamal-rtc-tra.png","width":768,"height":230,"caption":"Ammal rct"},"image":{"@id":"https:\/\/aamal-rct.com\/#\/schema\/logo\/image\/"},"sameAs":["https:\/\/web.facebook.com\/Aamalrtc","https:\/\/www.linkedin.com\/company\/aamalrct\/"]}]}},"_links":{"self":[{"href":"https:\/\/aamal-rct.com\/index.php\/wp-json\/wp\/v2\/pages\/703","targetHints":{"allow":["GET"]}}],"collection":[{"href":"https:\/\/aamal-rct.com\/index.php\/wp-json\/wp\/v2\/pages"}],"about":[{"href":"https:\/\/aamal-rct.com\/index.php\/wp-json\/wp\/v2\/types\/page"}],"author":[{"embeddable":true,"href":"https:\/\/aamal-rct.com\/index.php\/wp-json\/wp\/v2\/users\/1"}],"replies":[{"embeddable":true,"href":"https:\/\/aamal-rct.com\/index.php\/wp-json\/wp\/v2\/comments?post=703"}],"version-history":[{"count":0,"href":"https:\/\/aamal-rct.com\/index.php\/wp-json\/wp\/v2\/pages\/703\/revisions"}],"wp:attachment":[{"href":"https:\/\/aamal-rct.com\/index.php\/wp-json\/wp\/v2\/media?parent=703"}],"curies":[{"name":"wp","href":"https:\/\/api.w.org\/{rel}","templated":true}]}}