{"id":84,"date":"2017-06-09T04:11:57","date_gmt":"2017-06-09T04:11:57","guid":{"rendered":"http:\/\/localhost\/construct\/?page_id=84"},"modified":"2024-01-07T10:58:27","modified_gmt":"2024-01-07T09:58:27","slug":"contact","status":"publish","type":"page","link":"https:\/\/aamal-rct.com\/index.php\/contact\/","title":{"rendered":"Contact"},"content":{"rendered":"<p>[vc_row css=\u00a0\u00bb.vc_custom_1496982231607{padding-top: 80px !important;padding-bottom: 50px !important;}\u00a0\u00bb][vc_column][\/vc_column][\/vc_row][vc_row css=\u00a0\u00bb.vc_custom_1496982392950{padding-bottom: 80px !important;}\u00a0\u00bb][vc_column width=\u00a0\u00bb1\/3&Prime;][vc_custom_heading text=\u00a0\u00bbS.A.R.L Aamal\u00a0\u00bb font_container=\u00a0\u00bbtag:h4|text_align:left\u00a0\u00bb use_theme_fonts=\u00a0\u00bbyes\u00a0\u00bb css=\u00a0\u00bb.vc_custom_1704621236593{margin-bottom: 15px !important;}\u00a0\u00bb][vc_column_text el_class=\u00a0\u00bbwprt-information\u00a0\u00bb]<\/p>\n<ul class=\"style-2\">\n<li class=\"address\"><span class=\"hl\">Adresse si\u00e8ge:<\/span> cit\u00e9 sonalgaz villa N\u00b0 27 benaknoun,alger<\/li>\n<li>adresse de production: hai sidi yahia rue mohamed et boualem zouaoui n\u00b069 oued alleug ,blida<\/li>\n<li class=\"phone\"><span class=\"hl\">T\u00e9l\u00e9phone:<\/span> <span class=\"text\">+213 23 384 118<br \/>\n<\/span><\/li>\n<li class=\"email\"><span class=\"hl\">E-mail:<\/span> info<span class=\"text\">@aamal-rct.com<\/span><\/li>\n<\/ul>\n<p>[\/vc_column_text][\/vc_column][vc_column width=\u00a0\u00bb2\/3&Prime;]\n<div class=\"wpcf7 no-js\" id=\"wpcf7-f77-o1\" lang=\"en-US\" dir=\"ltr\" data-wpcf7-id=\"77\">\n<div class=\"screen-reader-response\"><p role=\"status\" aria-live=\"polite\" aria-atomic=\"true\"><\/p> <ul><\/ul><\/div>\n<form action=\"\/index.php\/wp-json\/wp\/v2\/pages\/84#wpcf7-f77-o1\" method=\"post\" class=\"wpcf7-form init\" aria-label=\"Contact form\" novalidate=\"novalidate\" data-status=\"init\">\n<fieldset class=\"hidden-fields-container\"><input type=\"hidden\" name=\"_wpcf7\" value=\"77\" \/><input type=\"hidden\" name=\"_wpcf7_version\" value=\"6.1.5\" \/><input type=\"hidden\" name=\"_wpcf7_locale\" value=\"en_US\" \/><input type=\"hidden\" name=\"_wpcf7_unit_tag\" value=\"wpcf7-f77-o1\" \/><input type=\"hidden\" name=\"_wpcf7_container_post\" value=\"0\" \/><input type=\"hidden\" name=\"_wpcf7_posted_data_hash\" value=\"\" \/>\n<\/fieldset>\n<div class=\"wprt-contact-form-1\">\n\t<p><span class=\"wpcf7-form-control-wrap name\"><br \/>\n<span class=\"wpcf7-form-control-wrap\" data-name=\"your-name\"><input size=\"40\" maxlength=\"400\" class=\"wpcf7-form-control wpcf7-text wpcf7-validates-as-required\" aria-required=\"true\" aria-invalid=\"false\" placeholder=\"Nom *\" value=\"\" type=\"text\" name=\"your-name\" \/><\/span><br \/>\n<\/span><br \/>\n<span class=\"wpcf7-form-control-wrap email\"><br \/>\n<span class=\"wpcf7-form-control-wrap\" data-name=\"your-email\"><input size=\"40\" maxlength=\"400\" class=\"wpcf7-form-control wpcf7-email wpcf7-validates-as-required wpcf7-text wpcf7-validates-as-email\" aria-required=\"true\" aria-invalid=\"false\" placeholder=\"E-mail *\" value=\"\" type=\"email\" name=\"your-email\" \/><\/span><br \/>\n<\/span><br \/>\n<span class=\"wpcf7-form-control-wrap phone\"><br \/>\n<span class=\"wpcf7-form-control-wrap\" data-name=\"your-phone\"><input size=\"40\" maxlength=\"400\" class=\"wpcf7-form-control wpcf7-tel wpcf7-text wpcf7-validates-as-tel\" aria-invalid=\"false\" placeholder=\"Num\u00e9ro de t\u00e9l\u00e9phone\" value=\"\" type=\"tel\" name=\"your-phone\" \/><\/span><br \/>\n<\/span><br \/>\n<span class=\"wpcf7-form-control-wrap subject\"><br \/>\n<span class=\"wpcf7-form-control-wrap\" data-name=\"your-subject\"><input size=\"40\" maxlength=\"400\" class=\"wpcf7-form-control wpcf7-text\" aria-invalid=\"false\" placeholder=\"Sujet *\" value=\"\" type=\"text\" name=\"your-subject\" \/><\/span><br \/>\n<\/span>\n\t<\/p>\n\t<p><span class=\"wpcf7-form-control-wrap message\"><br \/>\n<span class=\"wpcf7-form-control-wrap\" data-name=\"your-message\"><textarea cols=\"40\" rows=\"10\" maxlength=\"2000\" class=\"wpcf7-form-control wpcf7-textarea\" aria-invalid=\"false\" placeholder=\"Message\" name=\"your-message\"><\/textarea><\/span><br \/>\n<\/span>\n\t<\/p>\n\t<div class=\"wrap-submit\">\n\t\t<p><input class=\"wpcf7-form-control wpcf7-submit has-spinner\" type=\"submit\" value=\"ENVOYER\" \/>\n\t\t<\/p>\n\t<\/div>\n<\/div><div class=\"wpcf7-response-output\" aria-hidden=\"true\"><\/div>\n<\/form>\n<\/div>\n[vc_gmaps link=\u00a0\u00bb#E-8_JTNDaWZyYW1lJTIwc3JjJTNEJTIyaHR0cHMlM0ElMkYlMkZ3d3cuZ29vZ2xlLmNvbSUyRm1hcHMlMkZlbWJlZCUzRnBiJTNEJTIxMW0xOCUyMTFtMTIlMjExbTMlMjExZDExMzAuMTk5Nzg4NTM2NjkyNSUyMTJkMy4wMDQxMjYwMjg1NDU2MDI2JTIxM2QzNi43NTQwNjU2NzU0MzUyODUlMjEybTMlMjExZjAlMjEyZjAlMjEzZjAlMjEzbTIlMjExaTEwMjQlMjEyaTc2OCUyMTRmMTMuMSUyMTNtMyUyMTFtMiUyMTFzMHgxMjhmYjE0ZTliMWNhMGRkJTI1M0EweGE3ZjZjMTEzMDMwMWI4ZGUlMjEyc1NhcmwlMjUyMGFhbWFsJTI1MjByY3QlMjE1ZTAlMjEzbTIlMjExc2ZyJTIxMnNkeiUyMTR2MTY4ODMwMjAzNTAwMSUyMTVtMiUyMTFzZnIlMjEyc2R6JTIyJTIwd2lkdGglM0QlMjI2MDAlMjIlMjBoZWlnaHQlM0QlMjI0NTAlMjIlMjBzdHlsZSUzRCUyMmJvcmRlciUzQTAlM0IlMjIlMjBhbGxvd2Z1bGxzY3JlZW4lM0QlMjIlMjIlMjBsb2FkaW5nJTNEJTIybGF6eSUyMiUyMHJlZmVycmVycG9saWN5JTNEJTIybm8tcmVmZXJyZXItd2hlbi1kb3duZ3JhZGUlMjIlM0UlM0MlMkZpZnJhbWUlM0U=\u00a0\u00bb css=\u00a0\u00bb.vc_custom_1688302093167{margin-bottom: 0px !important;}\u00a0\u00bb][\/vc_column][\/vc_row]<\/p>\n","protected":false},"excerpt":{"rendered":"<p>[vc_row css=\u00a0\u00bb.vc_custom_1496982231607{padding-top: 80px !important;padding-bottom: 50px !important;}\u00a0\u00bb][vc_column][\/vc_column][\/vc_row][vc_row css=\u00a0\u00bb.vc_custom_1496982392950{padding-bottom: 80px !important;}\u00a0\u00bb][vc_column width=\u00a0\u00bb1\/3&Prime;][vc_custom_heading text=\u00a0\u00bbS.A.R.L Aamal\u00a0\u00bb font_container=\u00a0\u00bbtag:h4|text_align:left\u00a0\u00bb use_theme_fonts=\u00a0\u00bbyes\u00a0\u00bb css=\u00a0\u00bb.vc_custom_1704621236593{margin-bottom: 15px !important;}\u00a0\u00bb][vc_column_text el_class=\u00a0\u00bbwprt-information\u00a0\u00bb] Adresse si\u00e8ge: cit\u00e9 sonalgaz villa N\u00b0 27 benaknoun,alger adresse de production: hai sidi yahia rue mohamed et boualem zouaoui n\u00b069 oued alleug ,blida T\u00e9l\u00e9phone: +213 23 384 118 E-mail: info@aamal-rct.com [\/vc_column_text][\/vc_column][vc_column width=\u00a0\u00bb2\/3&Prime;][vc_gmaps link=\u00a0\u00bb#E-8_JTNDaWZyYW1lJTIwc3JjJTNEJTIyaHR0cHMlM0ElMkYlMkZ3d3cuZ29vZ2xlLmNvbSUyRm1hcHMlMkZlbWJlZCUzRnBiJTNEJTIxMW0xOCUyMTFtMTIlMjExbTMlMjExZDExMzAuMTk5Nzg4NTM2NjkyNSUyMTJkMy4wMDQxMjYwMjg1NDU2MDI2JTIxM2QzNi43NTQwNjU2NzU0MzUyODUlMjEybTMlMjExZjAlMjEyZjAlMjEzZjAlMjEzbTIlMjExaTEwMjQlMjEyaTc2OCUyMTRmMTMuMSUyMTNtMyUyMTFtMiUyMTFzMHgxMjhmYjE0ZTliMWNhMGRkJTI1M0EweGE3ZjZjMTEzMDMwMWI4ZGUlMjEyc1NhcmwlMjUyMGFhbWFsJTI1MjByY3QlMjE1ZTAlMjEzbTIlMjExc2ZyJTIxMnNkeiUyMTR2MTY4ODMwMjAzNTAwMSUyMTVtMiUyMTFzZnIlMjEyc2R6JTIyJTIwd2lkdGglM0QlMjI2MDAlMjIlMjBoZWlnaHQlM0QlMjI0NTAlMjIlMjBzdHlsZSUzRCUyMmJvcmRlciUzQTAlM0IlMjIlMjBhbGxvd2Z1bGxzY3JlZW4lM0QlMjIlMjIlMjBsb2FkaW5nJTNEJTIybGF6eSUyMiUyMHJlZmVycmVycG9saWN5JTNEJTIybm8tcmVmZXJyZXItd2hlbi1kb3duZ3JhZGUlMjIlM0UlM0MlMkZpZnJhbWUlM0U=\u00a0\u00bb css=\u00a0\u00bb.vc_custom_1688302093167{margin-bottom: 0px !important;}\u00a0\u00bb][\/vc_column][\/vc_row]<\/p>\n","protected":false},"author":1,"featured_media":0,"parent":0,"menu_order":0,"comment_status":"closed","ping_status":"closed","template":"page-templates\/template-fullwidth.php","meta":{"footnotes":""},"class_list":["post-84","page","type-page","status-publish","hentry"],"yoast_head":"<!-- This site is optimized with the Yoast SEO plugin v27.4 - https:\/\/yoast.com\/product\/yoast-seo-wordpress\/ -->\n<title>Contact - Aamal rct<\/title>\n<meta name=\"robots\" content=\"index, follow, max-snippet:-1, max-image-preview:large, max-video-preview:-1\" \/>\n<link rel=\"canonical\" href=\"https:\/\/aamal-rct.com\/index.php\/contact\/\" \/>\n<meta property=\"og:locale\" content=\"fr_FR\" \/>\n<meta property=\"og:type\" content=\"article\" \/>\n<meta property=\"og:title\" content=\"Contact - Aamal rct\" \/>\n<meta property=\"og:description\" content=\"[vc_row css=\u00a0\u00bb.vc_custom_1496982231607{padding-top: 80px !important;padding-bottom: 50px !important;}\u00a0\u00bb][vc_column][\/vc_column][\/vc_row][vc_row css=\u00a0\u00bb.vc_custom_1496982392950{padding-bottom: 80px !important;}\u00a0\u00bb][vc_column width=\u00a0\u00bb1\/3&Prime;][vc_custom_heading text=\u00a0\u00bbS.A.R.L Aamal\u00a0\u00bb font_container=\u00a0\u00bbtag:h4|text_align:left\u00a0\u00bb use_theme_fonts=\u00a0\u00bbyes\u00a0\u00bb css=\u00a0\u00bb.vc_custom_1704621236593{margin-bottom: 15px !important;}\u00a0\u00bb][vc_column_text el_class=\u00a0\u00bbwprt-information\u00a0\u00bb] Adresse si\u00e8ge: cit\u00e9 sonalgaz villa N\u00b0 27 benaknoun,alger adresse de production: hai sidi yahia rue mohamed et boualem zouaoui n\u00b069 oued alleug ,blida T\u00e9l\u00e9phone: +213 23 384 118 E-mail: info@aamal-rct.com [\/vc_column_text][\/vc_column][vc_column width=\u00a0\u00bb2\/3&Prime;][vc_gmaps link=\u00a0\u00bb#E-8_JTNDaWZyYW1lJTIwc3JjJTNEJTIyaHR0cHMlM0ElMkYlMkZ3d3cuZ29vZ2xlLmNvbSUyRm1hcHMlMkZlbWJlZCUzRnBiJTNEJTIxMW0xOCUyMTFtMTIlMjExbTMlMjExZDExMzAuMTk5Nzg4NTM2NjkyNSUyMTJkMy4wMDQxMjYwMjg1NDU2MDI2JTIxM2QzNi43NTQwNjU2NzU0MzUyODUlMjEybTMlMjExZjAlMjEyZjAlMjEzZjAlMjEzbTIlMjExaTEwMjQlMjEyaTc2OCUyMTRmMTMuMSUyMTNtMyUyMTFtMiUyMTFzMHgxMjhmYjE0ZTliMWNhMGRkJTI1M0EweGE3ZjZjMTEzMDMwMWI4ZGUlMjEyc1NhcmwlMjUyMGFhbWFsJTI1MjByY3QlMjE1ZTAlMjEzbTIlMjExc2ZyJTIxMnNkeiUyMTR2MTY4ODMwMjAzNTAwMSUyMTVtMiUyMTFzZnIlMjEyc2R6JTIyJTIwd2lkdGglM0QlMjI2MDAlMjIlMjBoZWlnaHQlM0QlMjI0NTAlMjIlMjBzdHlsZSUzRCUyMmJvcmRlciUzQTAlM0IlMjIlMjBhbGxvd2Z1bGxzY3JlZW4lM0QlMjIlMjIlMjBsb2FkaW5nJTNEJTIybGF6eSUyMiUyMHJlZmVycmVycG9saWN5JTNEJTIybm8tcmVmZXJyZXItd2hlbi1kb3duZ3JhZGUlMjIlM0UlM0MlMkZpZnJhbWUlM0U=\u00a0\u00bb css=\u00a0\u00bb.vc_custom_1688302093167{margin-bottom: 0px !important;}\u00a0\u00bb][\/vc_column][\/vc_row]\" \/>\n<meta property=\"og:url\" content=\"https:\/\/aamal-rct.com\/index.php\/contact\/\" \/>\n<meta property=\"og:site_name\" content=\"Aamal rct\" \/>\n<meta property=\"article:publisher\" content=\"https:\/\/web.facebook.com\/Aamalrtc\" \/>\n<meta property=\"article:modified_time\" content=\"2024-01-07T09:58:27+00:00\" \/>\n<meta name=\"twitter:card\" content=\"summary_large_image\" \/>\n<meta name=\"twitter:label1\" content=\"Dur\u00e9e de lecture estim\u00e9e\" \/>\n\t<meta name=\"twitter:data1\" content=\"1 minute\" \/>\n<script type=\"application\/ld+json\" class=\"yoast-schema-graph\">{\"@context\":\"https:\\\/\\\/schema.org\",\"@graph\":[{\"@type\":\"WebPage\",\"@id\":\"https:\\\/\\\/aamal-rct.com\\\/index.php\\\/contact\\\/\",\"url\":\"https:\\\/\\\/aamal-rct.com\\\/index.php\\\/contact\\\/\",\"name\":\"Contact - Aamal rct\",\"isPartOf\":{\"@id\":\"https:\\\/\\\/aamal-rct.com\\\/#website\"},\"datePublished\":\"2017-06-09T04:11:57+00:00\",\"dateModified\":\"2024-01-07T09:58:27+00:00\",\"breadcrumb\":{\"@id\":\"https:\\\/\\\/aamal-rct.com\\\/index.php\\\/contact\\\/#breadcrumb\"},\"inLanguage\":\"fr-FR\",\"potentialAction\":[{\"@type\":\"ReadAction\",\"target\":[\"https:\\\/\\\/aamal-rct.com\\\/index.php\\\/contact\\\/\"]}]},{\"@type\":\"BreadcrumbList\",\"@id\":\"https:\\\/\\\/aamal-rct.com\\\/index.php\\\/contact\\\/#breadcrumb\",\"itemListElement\":[{\"@type\":\"ListItem\",\"position\":1,\"name\":\"Accueil\",\"item\":\"https:\\\/\\\/aamal-rct.com\\\/\"},{\"@type\":\"ListItem\",\"position\":2,\"name\":\"Contact\"}]},{\"@type\":\"WebSite\",\"@id\":\"https:\\\/\\\/aamal-rct.com\\\/#website\",\"url\":\"https:\\\/\\\/aamal-rct.com\\\/\",\"name\":\"Aamal rct\",\"description\":\"R\u00e9alisation conseil technique\",\"publisher\":{\"@id\":\"https:\\\/\\\/aamal-rct.com\\\/#organization\"},\"potentialAction\":[{\"@type\":\"SearchAction\",\"target\":{\"@type\":\"EntryPoint\",\"urlTemplate\":\"https:\\\/\\\/aamal-rct.com\\\/?s={search_term_string}\"},\"query-input\":{\"@type\":\"PropertyValueSpecification\",\"valueRequired\":true,\"valueName\":\"search_term_string\"}}],\"inLanguage\":\"fr-FR\"},{\"@type\":\"Organization\",\"@id\":\"https:\\\/\\\/aamal-rct.com\\\/#organization\",\"name\":\"Ammal rct\",\"url\":\"https:\\\/\\\/aamal-rct.com\\\/\",\"logo\":{\"@type\":\"ImageObject\",\"inLanguage\":\"fr-FR\",\"@id\":\"https:\\\/\\\/aamal-rct.com\\\/#\\\/schema\\\/logo\\\/image\\\/\",\"url\":\"https:\\\/\\\/aamal-rct.com\\\/wp-content\\\/uploads\\\/2022\\\/07\\\/logo-aamal-rtc-tra.png\",\"contentUrl\":\"https:\\\/\\\/aamal-rct.com\\\/wp-content\\\/uploads\\\/2022\\\/07\\\/logo-aamal-rtc-tra.png\",\"width\":768,\"height\":230,\"caption\":\"Ammal rct\"},\"image\":{\"@id\":\"https:\\\/\\\/aamal-rct.com\\\/#\\\/schema\\\/logo\\\/image\\\/\"},\"sameAs\":[\"https:\\\/\\\/web.facebook.com\\\/Aamalrtc\",\"https:\\\/\\\/www.linkedin.com\\\/company\\\/aamalrct\\\/\"]}]}<\/script>\n<!-- \/ Yoast SEO plugin. -->","yoast_head_json":{"title":"Contact - Aamal rct","robots":{"index":"index","follow":"follow","max-snippet":"max-snippet:-1","max-image-preview":"max-image-preview:large","max-video-preview":"max-video-preview:-1"},"canonical":"https:\/\/aamal-rct.com\/index.php\/contact\/","og_locale":"fr_FR","og_type":"article","og_title":"Contact - Aamal rct","og_description":"[vc_row css=\u00a0\u00bb.vc_custom_1496982231607{padding-top: 80px !important;padding-bottom: 50px !important;}\u00a0\u00bb][vc_column][\/vc_column][\/vc_row][vc_row css=\u00a0\u00bb.vc_custom_1496982392950{padding-bottom: 80px !important;}\u00a0\u00bb][vc_column width=\u00a0\u00bb1\/3&Prime;][vc_custom_heading text=\u00a0\u00bbS.A.R.L Aamal\u00a0\u00bb font_container=\u00a0\u00bbtag:h4|text_align:left\u00a0\u00bb use_theme_fonts=\u00a0\u00bbyes\u00a0\u00bb css=\u00a0\u00bb.vc_custom_1704621236593{margin-bottom: 15px !important;}\u00a0\u00bb][vc_column_text el_class=\u00a0\u00bbwprt-information\u00a0\u00bb] Adresse si\u00e8ge: cit\u00e9 sonalgaz villa N\u00b0 27 benaknoun,alger adresse de production: hai sidi yahia rue mohamed et boualem zouaoui n\u00b069 oued alleug ,blida T\u00e9l\u00e9phone: +213 23 384 118 E-mail: info@aamal-rct.com [\/vc_column_text][\/vc_column][vc_column width=\u00a0\u00bb2\/3&Prime;][vc_gmaps link=\u00a0\u00bb#E-8_JTNDaWZyYW1lJTIwc3JjJTNEJTIyaHR0cHMlM0ElMkYlMkZ3d3cuZ29vZ2xlLmNvbSUyRm1hcHMlMkZlbWJlZCUzRnBiJTNEJTIxMW0xOCUyMTFtMTIlMjExbTMlMjExZDExMzAuMTk5Nzg4NTM2NjkyNSUyMTJkMy4wMDQxMjYwMjg1NDU2MDI2JTIxM2QzNi43NTQwNjU2NzU0MzUyODUlMjEybTMlMjExZjAlMjEyZjAlMjEzZjAlMjEzbTIlMjExaTEwMjQlMjEyaTc2OCUyMTRmMTMuMSUyMTNtMyUyMTFtMiUyMTFzMHgxMjhmYjE0ZTliMWNhMGRkJTI1M0EweGE3ZjZjMTEzMDMwMWI4ZGUlMjEyc1NhcmwlMjUyMGFhbWFsJTI1MjByY3QlMjE1ZTAlMjEzbTIlMjExc2ZyJTIxMnNkeiUyMTR2MTY4ODMwMjAzNTAwMSUyMTVtMiUyMTFzZnIlMjEyc2R6JTIyJTIwd2lkdGglM0QlMjI2MDAlMjIlMjBoZWlnaHQlM0QlMjI0NTAlMjIlMjBzdHlsZSUzRCUyMmJvcmRlciUzQTAlM0IlMjIlMjBhbGxvd2Z1bGxzY3JlZW4lM0QlMjIlMjIlMjBsb2FkaW5nJTNEJTIybGF6eSUyMiUyMHJlZmVycmVycG9saWN5JTNEJTIybm8tcmVmZXJyZXItd2hlbi1kb3duZ3JhZGUlMjIlM0UlM0MlMkZpZnJhbWUlM0U=\u00a0\u00bb css=\u00a0\u00bb.vc_custom_1688302093167{margin-bottom: 0px !important;}\u00a0\u00bb][\/vc_column][\/vc_row]","og_url":"https:\/\/aamal-rct.com\/index.php\/contact\/","og_site_name":"Aamal rct","article_publisher":"https:\/\/web.facebook.com\/Aamalrtc","article_modified_time":"2024-01-07T09:58:27+00:00","twitter_card":"summary_large_image","twitter_misc":{"Dur\u00e9e de lecture estim\u00e9e":"1 minute"},"schema":{"@context":"https:\/\/schema.org","@graph":[{"@type":"WebPage","@id":"https:\/\/aamal-rct.com\/index.php\/contact\/","url":"https:\/\/aamal-rct.com\/index.php\/contact\/","name":"Contact - Aamal rct","isPartOf":{"@id":"https:\/\/aamal-rct.com\/#website"},"datePublished":"2017-06-09T04:11:57+00:00","dateModified":"2024-01-07T09:58:27+00:00","breadcrumb":{"@id":"https:\/\/aamal-rct.com\/index.php\/contact\/#breadcrumb"},"inLanguage":"fr-FR","potentialAction":[{"@type":"ReadAction","target":["https:\/\/aamal-rct.com\/index.php\/contact\/"]}]},{"@type":"BreadcrumbList","@id":"https:\/\/aamal-rct.com\/index.php\/contact\/#breadcrumb","itemListElement":[{"@type":"ListItem","position":1,"name":"Accueil","item":"https:\/\/aamal-rct.com\/"},{"@type":"ListItem","position":2,"name":"Contact"}]},{"@type":"WebSite","@id":"https:\/\/aamal-rct.com\/#website","url":"https:\/\/aamal-rct.com\/","name":"Aamal rct","description":"R\u00e9alisation conseil technique","publisher":{"@id":"https:\/\/aamal-rct.com\/#organization"},"potentialAction":[{"@type":"SearchAction","target":{"@type":"EntryPoint","urlTemplate":"https:\/\/aamal-rct.com\/?s={search_term_string}"},"query-input":{"@type":"PropertyValueSpecification","valueRequired":true,"valueName":"search_term_string"}}],"inLanguage":"fr-FR"},{"@type":"Organization","@id":"https:\/\/aamal-rct.com\/#organization","name":"Ammal rct","url":"https:\/\/aamal-rct.com\/","logo":{"@type":"ImageObject","inLanguage":"fr-FR","@id":"https:\/\/aamal-rct.com\/#\/schema\/logo\/image\/","url":"https:\/\/aamal-rct.com\/wp-content\/uploads\/2022\/07\/logo-aamal-rtc-tra.png","contentUrl":"https:\/\/aamal-rct.com\/wp-content\/uploads\/2022\/07\/logo-aamal-rtc-tra.png","width":768,"height":230,"caption":"Ammal rct"},"image":{"@id":"https:\/\/aamal-rct.com\/#\/schema\/logo\/image\/"},"sameAs":["https:\/\/web.facebook.com\/Aamalrtc","https:\/\/www.linkedin.com\/company\/aamalrct\/"]}]}},"_links":{"self":[{"href":"https:\/\/aamal-rct.com\/index.php\/wp-json\/wp\/v2\/pages\/84","targetHints":{"allow":["GET"]}}],"collection":[{"href":"https:\/\/aamal-rct.com\/index.php\/wp-json\/wp\/v2\/pages"}],"about":[{"href":"https:\/\/aamal-rct.com\/index.php\/wp-json\/wp\/v2\/types\/page"}],"author":[{"embeddable":true,"href":"https:\/\/aamal-rct.com\/index.php\/wp-json\/wp\/v2\/users\/1"}],"replies":[{"embeddable":true,"href":"https:\/\/aamal-rct.com\/index.php\/wp-json\/wp\/v2\/comments?post=84"}],"version-history":[{"count":9,"href":"https:\/\/aamal-rct.com\/index.php\/wp-json\/wp\/v2\/pages\/84\/revisions"}],"predecessor-version":[{"id":6974,"href":"https:\/\/aamal-rct.com\/index.php\/wp-json\/wp\/v2\/pages\/84\/revisions\/6974"}],"wp:attachment":[{"href":"https:\/\/aamal-rct.com\/index.php\/wp-json\/wp\/v2\/media?parent=84"}],"curies":[{"name":"wp","href":"https:\/\/api.w.org\/{rel}","templated":true}]}}